{"id":903,"date":"2023-05-24T15:33:42","date_gmt":"2023-05-24T15:33:42","guid":{"rendered":"https:\/\/marq-sostenible.com\/?page_id=903"},"modified":"2023-06-30T10:54:50","modified_gmt":"2023-06-30T10:54:50","slug":"interiorismo","status":"publish","type":"page","link":"https:\/\/marq-sostenible.com\/es\/interiorismo\/","title":{"rendered":"Interiorismo"},"content":{"rendered":"<style>.kb-row-layout-id_2c6242-2c > .kt-row-column-wrap{align-content:start;}:where(.kb-row-layout-id_2c6242-2c > .kt-row-column-wrap) > .wp-block-kadence-column{justify-content:start;}.kb-row-layout-id_2c6242-2c > .kt-row-column-wrap{column-gap:var(--global-kb-gap-md, 2rem);row-gap:var(--global-kb-gap-md, 2rem);padding-top:0px;padding-bottom:0px;grid-template-columns:minmax(0, 1fr);}.kb-row-layout-id_2c6242-2c > .kt-row-layout-overlay{opacity:0.30;}@media all and (max-width: 1024px){.kb-row-layout-id_2c6242-2c > .kt-row-column-wrap{grid-template-columns:minmax(0, 1fr);}}@media all and (max-width: 767px){.kb-row-layout-id_2c6242-2c > .kt-row-column-wrap{grid-template-columns:minmax(0, 1fr);}}<\/style><div class=\"kb-row-layout-wrap kb-row-layout-id_2c6242-2c alignnone header_inside_01 wp-block-kadence-rowlayout\"><div class=\"kt-row-column-wrap kt-has-1-columns kt-row-layout-equal kt-tab-layout-inherit kt-mobile-layout-row kt-row-valign-top\">\n<style>.kadence-column_867597-d0 > .kt-inside-inner-col,.kadence-column_867597-d0 > .kt-inside-inner-col:before{border-top-left-radius:0px;border-top-right-radius:0px;border-bottom-right-radius:0px;border-bottom-left-radius:0px;}.kadence-column_867597-d0 > .kt-inside-inner-col{column-gap:var(--global-kb-gap-sm, 1rem);}.kadence-column_867597-d0 > .kt-inside-inner-col{flex-direction:column;}.kadence-column_867597-d0 > .kt-inside-inner-col > .aligncenter{width:100%;}.kadence-column_867597-d0 > .kt-inside-inner-col:before{opacity:0.3;}.kadence-column_867597-d0{position:relative;}@media all and (max-width: 1024px){.kadence-column_867597-d0 > .kt-inside-inner-col{flex-direction:column;justify-content:center;}}@media all and (max-width: 767px){.kadence-column_867597-d0 > .kt-inside-inner-col{flex-direction:column;justify-content:center;}}<\/style>\n<div class=\"wp-block-kadence-column kadence-column_867597-d0\"><div class=\"kt-inside-inner-col\">\n<h1 class=\"wp-block-heading animated fadeIn\">Interiorismo<br><\/h1>\n\n\n\n<p class=\"animated fadeIn slower txt_colour\">Los espacios donde vivimos, trabajamos o disfrutamos deben ser cada vez m\u00e1s flexibles, adaptables a m\u00faltiples realidades y personas. En el interiorismo buscamos materiales, colores, texturas e iluminaci\u00f3n que nos ayuden a hacer de nuestro d\u00eda a d\u00eda algo m\u00e1s agradable, f\u00e1cil y sano.<\/p>\n<\/div><\/div>\n\n<\/div><\/div>\n\n\n<figure class=\"wp-block-image alignfull size-large\"><img loading=\"lazy\" decoding=\"async\" width=\"1024\" height=\"369\" src=\"https:\/\/marq-sostenible.com\/wp-content\/uploads\/2023\/05\/header_photo_informes-1024x369.webp\" alt=\"Informes i Documentaci\u00f3 T\u00e8cnica\" class=\"wp-image-361\" srcset=\"https:\/\/marq-sostenible.com\/wp-content\/uploads\/2023\/05\/header_photo_informes-1024x369.webp 1024w, https:\/\/marq-sostenible.com\/wp-content\/uploads\/2023\/05\/header_photo_informes-300x108.webp 300w, https:\/\/marq-sostenible.com\/wp-content\/uploads\/2023\/05\/header_photo_informes-768x277.webp 768w, https:\/\/marq-sostenible.com\/wp-content\/uploads\/2023\/05\/header_photo_informes-1536x554.webp 1536w, https:\/\/marq-sostenible.com\/wp-content\/uploads\/2023\/05\/header_photo_informes-2048x739.webp 2048w, https:\/\/marq-sostenible.com\/wp-content\/uploads\/2023\/05\/header_photo_informes-1200x433.webp 1200w, https:\/\/marq-sostenible.com\/wp-content\/uploads\/2023\/05\/header_photo_informes-1400x505.webp 1400w\" sizes=\"auto, (max-width: 1024px) 100vw, 1024px\" \/><\/figure>\n\n\n<style>.kb-row-layout-wrap.wp-block-kadence-rowlayout.kb-row-layout-id_44d4ae-87{margin-top:0px;}.kb-row-layout-id_44d4ae-87 > .kt-row-column-wrap{align-content:start;}:where(.kb-row-layout-id_44d4ae-87 > .kt-row-column-wrap) > .wp-block-kadence-column{justify-content:start;}.kb-row-layout-id_44d4ae-87 > .kt-row-column-wrap{column-gap:40px;row-gap:var(--global-kb-gap-md, 2rem);padding-top:0px;padding-bottom:24px;min-height:200px;grid-template-columns:minmax(0, calc(31.5% - ((40px * 1 )\/2)))minmax(0, calc(68.5% - ((40px * 1 )\/2)));}.kb-row-layout-id_44d4ae-87 > .kt-row-layout-overlay{opacity:0.30;}@media all and (max-width: 1024px){.kb-row-layout-id_44d4ae-87 > .kt-row-column-wrap{grid-template-columns:minmax(0, 1fr) minmax(0, 2fr);}}@media all and (max-width: 767px){.kb-row-layout-id_44d4ae-87 > .kt-row-column-wrap{grid-template-columns:minmax(0, 1fr);}}<\/style><div class=\"kb-row-layout-wrap kb-row-layout-id_44d4ae-87 alignnone title_project animated fadeInDown wp-block-kadence-rowlayout\"><div class=\"kt-row-column-wrap kt-has-2-columns kt-row-layout-right-golden kt-tab-layout-inherit kt-mobile-layout-row kt-row-valign-top\">\n<style>.kadence-column_7a29eb-d4 > .kt-inside-inner-col{padding-top:40px;padding-right:40px;padding-bottom:40px;padding-left:40px;}.kadence-column_7a29eb-d4 > .kt-inside-inner-col,.kadence-column_7a29eb-d4 > .kt-inside-inner-col:before{border-top-left-radius:0px;border-top-right-radius:0px;border-bottom-right-radius:0px;border-bottom-left-radius:0px;}.kadence-column_7a29eb-d4 > .kt-inside-inner-col{column-gap:var(--global-kb-gap-sm, 1rem);}.kadence-column_7a29eb-d4 > .kt-inside-inner-col{flex-direction:column;}.kadence-column_7a29eb-d4 > .kt-inside-inner-col > .aligncenter{width:100%;}.kadence-column_7a29eb-d4 > .kt-inside-inner-col{background-color:#ede8d7;}.kadence-column_7a29eb-d4 > .kt-inside-inner-col:before{opacity:0.3;}.kadence-column_7a29eb-d4{position:relative;}@media all and (max-width: 1024px){.kadence-column_7a29eb-d4 > .kt-inside-inner-col{flex-direction:column;justify-content:center;}}@media all and (max-width: 767px){.kadence-column_7a29eb-d4 > .kt-inside-inner-col{flex-direction:column;justify-content:center;}}<\/style>\n<div class=\"wp-block-kadence-column kadence-column_7a29eb-d4\"><div class=\"kt-inside-inner-col\">\n<h2 class=\"wp-block-heading\">Nuestros proyectos de interiorismo<\/h2>\n<\/div><\/div>\n\n\n<style>.kadence-column_e6e83b-6a > .kt-inside-inner-col,.kadence-column_e6e83b-6a > .kt-inside-inner-col:before{border-top-left-radius:0px;border-top-right-radius:0px;border-bottom-right-radius:0px;border-bottom-left-radius:0px;}.kadence-column_e6e83b-6a > .kt-inside-inner-col{column-gap:var(--global-kb-gap-sm, 1rem);}.kadence-column_e6e83b-6a > .kt-inside-inner-col{flex-direction:column;}.kadence-column_e6e83b-6a > .kt-inside-inner-col > .aligncenter{width:100%;}.kadence-column_e6e83b-6a > .kt-inside-inner-col:before{opacity:0.3;}.kadence-column_e6e83b-6a{position:relative;}@media all and (max-width: 1024px){.kadence-column_e6e83b-6a > .kt-inside-inner-col{flex-direction:column;justify-content:center;}}@media all and (max-width: 767px){.kadence-column_e6e83b-6a > .kt-inside-inner-col{flex-direction:column;justify-content:center;}}<\/style>\n<div class=\"wp-block-kadence-column kadence-column_e6e83b-6a\"><div class=\"kt-inside-inner-col\"><\/div><\/div>\n\n<\/div><\/div>\n\n<div  class=\"ultp-post-grid-block wp-block-ultimate-post-post-grid-1 ultp-block-e1184e\"><div class=\"ultp-block-wrapper\"><div class=\"ultp-loading\"><div class=\"ultp-loading-blocks\" style=\"width:100%;height:100%;\"><div style=\"left: 0;top: 0;animation-delay:0s;\"><\/div><div style=\"left: 21px;top: 0;animation-delay:0.125s;\"><\/div><div style=\"left: 42px;top: 0;animation-delay:0.25s;\"><\/div><div style=\"left: 0;top: 21px;animation-delay:0.875s;\"><\/div><div style=\"left: 42px;top: 21px;animation-delay:0.375s;\"><\/div><div style=\"left: 0;top: 42px;animation-delay:0.75s;\"><\/div><div style=\"left: 42px;top: 42px;animation-delay:0.625s;\"><\/div><div style=\"left: 21px;top: 42px;animation-delay:0.5s;\"><\/div><\/div><\/div><div class=\"ultp-heading-filter\"><div class=\"ultp-heading-filter-in\"><div class=\"ultp-filter-navigation\"><\/div><\/div><\/div><div class=\"ultp-block-items-wrap ultp-block-row ultp-pg1a-style1 ultp-grid1-responsive ultp-block-column-3 1 ultp-xs-column-1 ultp-layout1\"><div class=\"ultp-block-item post-id-1022\"><div class=\"ultp-block-content-wrap\"><div class=\"ultp-block-image ultp-block-image-zoomIn\"><a href=\"https:\/\/marq-sostenible.com\/es\/casa-b5\/\" ><img decoding=\"async\"  class=\"ultp-block-image-content\"  alt=\"Casa B5\"  src=\"https:\/\/marq-sostenible.com\/wp-content\/uploads\/2024\/12\/marquitectura_b5_destacada-870x570.webp\" \/><\/a><\/div><div class=\"ultp-block-content\"><h2 class=\"ultp-block-title \"><a href=\"https:\/\/marq-sostenible.com\/es\/casa-b5\/\" >Reforma integral Casa B5<\/a><\/h2><\/div><\/div><\/div><div class=\"ultp-block-item post-id-991\"><div class=\"ultp-block-content-wrap\"><div class=\"ultp-block-image ultp-block-image-zoomIn\"><a href=\"https:\/\/marq-sostenible.com\/es\/casa-sanzano\/\" ><img decoding=\"async\"  class=\"ultp-block-image-content\"  alt=\"Casa Sanzano, Ciutat Vella, Barcelona\"  src=\"https:\/\/marq-sostenible.com\/wp-content\/uploads\/2024\/12\/marquitectura_casa_sanzano_destacado-870x570.webp\" \/><\/a><\/div><div class=\"ultp-block-content\"><h2 class=\"ultp-block-title \"><a href=\"https:\/\/marq-sostenible.com\/es\/casa-sanzano\/\" >Transformaci\u00f3n arquitect\u00f3nica Casa Sanzano<\/a><\/h2><\/div><\/div><\/div><div class=\"ultp-block-item post-id-1060\"><div class=\"ultp-block-content-wrap\"><div class=\"ultp-block-image ultp-block-image-zoomIn\"><a href=\"https:\/\/marq-sostenible.com\/es\/pavello-blanc\/\" ><img decoding=\"async\"  class=\"ultp-block-image-content\"  alt=\"Pavell\u00f3 Blanc Port de Barcelona exterior\"  src=\"https:\/\/marq-sostenible.com\/wp-content\/uploads\/2024\/12\/marquitectura_pavelloblanc_destacada-870x570.webp\" \/><\/a><\/div><div class=\"ultp-block-content\"><h2 class=\"ultp-block-title \"><a href=\"https:\/\/marq-sostenible.com\/es\/pavello-blanc\/\" >Pavell\u00f3 Blanc<\/a><\/h2><\/div><\/div><\/div><div class=\"ultp-block-item post-id-921\"><div class=\"ultp-block-content-wrap\"><div class=\"ultp-block-image ultp-block-image-zoomIn\"><a href=\"https:\/\/marq-sostenible.com\/es\/casa-en-terramar-sitges\/\" ><img decoding=\"async\"  class=\"ultp-block-image-content\"  alt=\"Casa BF, Sitges\"  src=\"https:\/\/marq-sostenible.com\/wp-content\/uploads\/2023\/05\/casa_terramar_sitges_01.webp\" \/><\/a><\/div><div class=\"ultp-block-content\"><h2 class=\"ultp-block-title \"><a href=\"https:\/\/marq-sostenible.com\/es\/casa-en-terramar-sitges\/\" >Casa BF, Sitges<\/a><\/h2><\/div><\/div><\/div><div class=\"ultp-block-item post-id-919\"><div class=\"ultp-block-content-wrap\"><div class=\"ultp-block-image ultp-block-image-zoomIn\"><a href=\"https:\/\/marq-sostenible.com\/es\/casa-gz-les-navas-barcelona\/\" ><img decoding=\"async\"  class=\"ultp-block-image-content\"  alt=\"Casa GZ, les Navas, Barcelona\"  src=\"https:\/\/marq-sostenible.com\/wp-content\/uploads\/2023\/05\/casa_gz_navas_slider_01-870x570.webp\" \/><\/a><\/div><div class=\"ultp-block-content\"><h2 class=\"ultp-block-title \"><a href=\"https:\/\/marq-sostenible.com\/es\/casa-gz-les-navas-barcelona\/\" >Casa GZ, les Navas, Barcelona<\/a><\/h2><\/div><\/div><\/div><div class=\"ultp-block-item post-id-915\"><div class=\"ultp-block-content-wrap\"><div class=\"ultp-block-image ultp-block-image-zoomIn\"><a href=\"https:\/\/marq-sostenible.com\/es\/casa-sa-berga-el-bergueda\/\" ><img decoding=\"async\"  class=\"ultp-block-image-content\"  alt=\"Casa SA, Berga, el Bergued\u00e0\"  src=\"https:\/\/marq-sostenible.com\/wp-content\/uploads\/2023\/05\/casa_sa_berga_slider_01-870x570.webp\" \/><\/a><\/div><div class=\"ultp-block-content\"><h2 class=\"ultp-block-title \"><a href=\"https:\/\/marq-sostenible.com\/es\/casa-sa-berga-el-bergueda\/\" >Casa SA, Berga, el Bergued\u00e0<\/a><\/h2><\/div><\/div><\/div><\/div><div class=\"ultp-pagination-wrap ultp-pagination-ajax-action\" data-paged=\"1\" data-expost=\"\"  data-blockid=\"e1184e\" data-postid=\"903\" data-pages=\"2\" data-blockname=\"ultimate-post_post-grid-1\" data-selfpostid=\"no\"><ul class=\"ultp-pagination\"><li class=\"ultp-prev-page-numbers\" style=\"display:none\"><a href=\"https:\/\/marq-sostenible.com\/es\/wp-json\/wp\/v2\/pages\/903\/\"><svg xmlns=\"http:\/\/www.w3.org\/2000\/svg\" fill=\"none\" viewBox=\"0 0 24 24\">\n  <path stroke=\"currentColor\" stroke-linecap=\"round\" stroke-linejoin=\"round\" stroke-width=\"1.5\" d=\"m15 18-6-6 6-6\"\/>\n<\/svg>\n Anterior<\/a><\/li><li class=\"ultp-center-item pagination-active\" data-current=\"1\"><a href=\"https:\/\/marq-sostenible.com\/es\/wp-json\/wp\/v2\/pages\/903\/\">1<\/a><\/li><li class=\"ultp-center-item\" data-current=\"2\" ><a href=\"https:\/\/marq-sostenible.com\/es\/wp-json\/wp\/v2\/pages\/903\/page\/2\/\">2<\/a><\/li><li class=\"ultp-last-dot\" style=\"display:none\"><a href=\"#\">&#8230;<\/a><\/li><li class=\"ultp-next-page-numbers\"><a href=\"https:\/\/marq-sostenible.com\/es\/wp-json\/wp\/v2\/pages\/903\/page\/2\/\">Siguiente<svg xmlns=\"http:\/\/www.w3.org\/2000\/svg\" fill=\"none\" viewBox=\"0 0 24 24\">\n  <path stroke=\"currentColor\" stroke-linecap=\"round\" stroke-linejoin=\"round\" stroke-width=\"1.5\" d=\"m9 18 6-6-6-6\"\/>\n<\/svg>\n<\/a><\/li><\/ul><\/div><\/div><div class=\"pagination-block-html\" aria-hidden=\"true\" style=\"display: none;\"><\/div><\/div>\n\n<style>.kb-row-layout-wrap.wp-block-kadence-rowlayout.kb-row-layout-id_2c6f4b-94{margin-bottom:150px;}.kb-row-layout-id_2c6f4b-94 > .kt-row-column-wrap{align-content:start;}:where(.kb-row-layout-id_2c6f4b-94 > .kt-row-column-wrap) > .wp-block-kadence-column{justify-content:start;}.kb-row-layout-id_2c6f4b-94 > .kt-row-column-wrap{column-gap:var(--global-kb-gap-md, 2rem);row-gap:var(--global-kb-gap-md, 2rem);padding-top:24px;padding-right:0px;padding-bottom:24px;padding-left:0px;grid-template-columns:minmax(0, calc(45% - ((var(--global-kb-gap-md, 2rem) * 1 )\/2)))minmax(0, calc(55% - ((var(--global-kb-gap-md, 2rem) * 1 )\/2)));}.kb-row-layout-id_2c6f4b-94 > .kt-row-layout-overlay{opacity:0.30;}@media all and (max-width: 1024px){.kb-row-layout-id_2c6f4b-94 > .kt-row-column-wrap{grid-template-columns:repeat(2, minmax(0, 1fr));}}@media all and (max-width: 767px){.kb-row-layout-id_2c6f4b-94 > .kt-row-column-wrap{grid-template-columns:minmax(0, 1fr);}}<\/style><div class=\"kb-row-layout-wrap kb-row-layout-id_2c6f4b-94 alignfull wp-block-kadence-rowlayout\"><div class=\"kt-row-column-wrap kt-has-2-columns kt-row-layout-equal kt-tab-layout-inherit kt-mobile-layout-row kt-row-valign-top\">\n<style>.kadence-column_3a88fd-ae > .kt-inside-inner-col{padding-top:10%;padding-left:25%;}.kadence-column_3a88fd-ae > .kt-inside-inner-col,.kadence-column_3a88fd-ae > .kt-inside-inner-col:before{border-top-left-radius:0px;border-top-right-radius:0px;border-bottom-right-radius:0px;border-bottom-left-radius:0px;}.kadence-column_3a88fd-ae > .kt-inside-inner-col{column-gap:var(--global-kb-gap-sm, 1rem);}.kadence-column_3a88fd-ae > .kt-inside-inner-col{flex-direction:column;}.kadence-column_3a88fd-ae > .kt-inside-inner-col > .aligncenter{width:100%;}.kadence-column_3a88fd-ae > .kt-inside-inner-col:before{opacity:0.3;}.kadence-column_3a88fd-ae{position:relative;}@media all and (max-width: 1024px){.kadence-column_3a88fd-ae > .kt-inside-inner-col{flex-direction:column;justify-content:center;}}@media all and (max-width: 767px){.kadence-column_3a88fd-ae > .kt-inside-inner-col{flex-direction:column;justify-content:center;}}<\/style>\n<div class=\"wp-block-kadence-column kadence-column_3a88fd-ae\"><div class=\"kt-inside-inner-col\">\n<h2 class=\"wp-block-heading title_main_inside\">\u00bfEst\u00e1s interesado en nuestro trabajo? Cont\u00e1ctanos<\/h2>\n<\/div><\/div>\n\n\n<style>.kadence-column_e9a7ab-2a > .kt-inside-inner-col{padding-top:7%;padding-right:25%;padding-bottom:5%;padding-left:8%;}.kadence-column_e9a7ab-2a > .kt-inside-inner-col,.kadence-column_e9a7ab-2a > .kt-inside-inner-col:before{border-top-left-radius:0px;border-top-right-radius:0px;border-bottom-right-radius:0px;border-bottom-left-radius:0px;}.kadence-column_e9a7ab-2a > .kt-inside-inner-col{column-gap:var(--global-kb-gap-sm, 1rem);}.kadence-column_e9a7ab-2a > .kt-inside-inner-col{flex-direction:column;}.kadence-column_e9a7ab-2a > .kt-inside-inner-col > .aligncenter{width:100%;}.kadence-column_e9a7ab-2a > .kt-inside-inner-col{background-color:#ede8d7;}.kadence-column_e9a7ab-2a > .kt-inside-inner-col:before{opacity:0.3;}.kadence-column_e9a7ab-2a{position:relative;}@media all and (max-width: 1024px){.kadence-column_e9a7ab-2a > .kt-inside-inner-col{flex-direction:column;justify-content:center;}}@media all and (max-width: 767px){.kadence-column_e9a7ab-2a > .kt-inside-inner-col{flex-direction:column;justify-content:center;}}<\/style>\n<div class=\"wp-block-kadence-column kadence-column_e9a7ab-2a animated fadeInRightBig\"><div class=\"kt-inside-inner-col\">\n<div class=\"wp-block-contact-form-7-contact-form-selector\">\n<div class=\"wpcf7 no-js\" id=\"wpcf7-f937-o1\" lang=\"es-ES\" dir=\"ltr\" data-wpcf7-id=\"937\">\n<div class=\"screen-reader-response\"><p role=\"status\" aria-live=\"polite\" aria-atomic=\"true\"><\/p> <ul><\/ul><\/div>\n<form action=\"\/es\/wp-json\/wp\/v2\/pages\/903#wpcf7-f937-o1\" method=\"post\" class=\"wpcf7-form init\" aria-label=\"Formulario de contacto\" novalidate=\"novalidate\" data-status=\"init\">\n<fieldset class=\"hidden-fields-container\"><input type=\"hidden\" name=\"_wpcf7\" value=\"937\" \/><input type=\"hidden\" name=\"_wpcf7_version\" value=\"6.1.5\" \/><input type=\"hidden\" name=\"_wpcf7_locale\" value=\"es_ES\" \/><input type=\"hidden\" name=\"_wpcf7_unit_tag\" value=\"wpcf7-f937-o1\" \/><input type=\"hidden\" name=\"_wpcf7_container_post\" value=\"0\" \/><input type=\"hidden\" name=\"_wpcf7_posted_data_hash\" value=\"\" \/><input type=\"hidden\" name=\"_wpcf7_recaptcha_response\" value=\"\" \/>\n<\/fieldset>\n<p>\t\t<div id=\"cf7md-form\" class=\"cf7md-form\">\n\t\t\t<div class=\"mdc-layout-grid\">\n\t\t\t\t<div class=\"mdc-layout-grid__inner\">\n\t\t\t\t\t\t\t\t\t\t\n<\/p>\n\t\t\n\t\t<div class=\"cf7md-item cf7md-text mdc-layout-grid__cell mdc-layout-grid__cell--span-12-desktop mdc-layout-grid__cell--span-12-tablet mdc-layout-grid__cell--span-4-phone\">\n\t\t\t<br \/>\n<span class=\"wpcf7-form-control-wrap\" data-name=\"your-name\"><input size=\"40\" maxlength=\"400\" class=\"wpcf7-form-control wpcf7-text wpcf7-validates-as-required\" id=\"your-name\" aria-required=\"true\" aria-invalid=\"false\" value=\"\" type=\"text\" name=\"your-name\" \/><\/span><br \/>\n\t\t\t\t\t\t<div style=\"display: none;\" class=\"cf7md-text-html\">\n\t\t\t\t<div class=\"mdc-text-field \">\n\t\t\t\t\t\n\t\t\t\t\t\t\t\t\t\t\t<label class=\"mdc-floating-label\">Nombre y apellidos<\/label>\n\t\t\t\t\t\t<div class=\"mdc-line-ripple\"><\/div>\n\t\t\t\t\t\t\t\t\t<\/div>\n\t\t\t<\/div>\n\t\t<\/div>\n\t\t\n\t\t\n\t\t<div class=\"cf7md-item cf7md-text mdc-layout-grid__cell mdc-layout-grid__cell--span-6-desktop mdc-layout-grid__cell--span-6-tablet mdc-layout-grid__cell--span-4-phone\">\n\t\t\t<br \/>\n<span class=\"wpcf7-form-control-wrap\" data-name=\"tel-215\"><input size=\"40\" maxlength=\"400\" class=\"wpcf7-form-control wpcf7-tel wpcf7-text wpcf7-validates-as-tel\" id=\"tel-215\" aria-invalid=\"false\" value=\"\" type=\"tel\" name=\"tel-215\" \/><\/span><br \/>\n\t\t\t\t\t\t<div style=\"display: none;\" class=\"cf7md-text-html\">\n\t\t\t\t<div class=\"mdc-text-field \">\n\t\t\t\t\t\n\t\t\t\t\t\t\t\t\t\t\t<label class=\"mdc-floating-label\">Tel\u00e9fono<\/label>\n\t\t\t\t\t\t<div class=\"mdc-line-ripple\"><\/div>\n\t\t\t\t\t\t\t\t\t<\/div>\n\t\t\t<\/div>\n\t\t<\/div>\n\t\t\n\t\t\n\t\t<div class=\"cf7md-item cf7md-text mdc-layout-grid__cell mdc-layout-grid__cell--span-6-desktop mdc-layout-grid__cell--span-6-tablet mdc-layout-grid__cell--span-4-phone\">\n\t\t\t<br \/>\n<span class=\"wpcf7-form-control-wrap\" data-name=\"your-email\"><input size=\"40\" maxlength=\"400\" class=\"wpcf7-form-control wpcf7-email wpcf7-validates-as-required wpcf7-text wpcf7-validates-as-email\" id=\"your-email\" aria-required=\"true\" aria-invalid=\"false\" value=\"\" type=\"email\" name=\"your-email\" \/><\/span><br \/>\n\t\t\t\t\t\t<div style=\"display: none;\" class=\"cf7md-text-html\">\n\t\t\t\t<div class=\"mdc-text-field \">\n\t\t\t\t\t\n\t\t\t\t\t\t\t\t\t\t\t<label class=\"mdc-floating-label\">Email<\/label>\n\t\t\t\t\t\t<div class=\"mdc-line-ripple\"><\/div>\n\t\t\t\t\t\t\t\t\t<\/div>\n\t\t\t<\/div>\n\t\t<\/div>\n\t\t\n\n\t\t<div class=\"cf7md-item cf7md-textarea mdc-layout-grid__cell mdc-layout-grid__cell--span-12-desktop mdc-layout-grid__cell--span-8-tablet mdc-layout-grid__cell--span-4-phone cf7md-textarea-autosize\">\n\t\t\t<br \/>\n<span class=\"wpcf7-form-control-wrap\" data-name=\"your-message\"><textarea cols=\"40\" rows=\"10\" maxlength=\"2000\" class=\"wpcf7-form-control wpcf7-textarea wpcf7-validates-as-required\" id=\"your-message\" aria-required=\"true\" aria-invalid=\"false\" name=\"your-message\"><\/textarea><\/span><br \/>\n\t\t\t\t\t\t<div style=\"display: none;\" class=\"cf7md-text-html\">\n\t\t\t\t<div class=\"mdc-text-field  mdc-text-field--textarea\">\n\t\t\t\t\t\t\t\t\t\t<div class=\"mdc-notched-outline\">\n\t\t\t\t\t\t<div class=\"mdc-notched-outline__leading\"><\/div>\n\t\t\t\t\t\t<div class=\"mdc-notched-outline__notch\">\n\t\t\t\t\t\t\t<label class=\"mdc-floating-label\">Mensaje<\/label>\n\t\t\t\t\t\t<\/div>\n\t\t\t\t\t\t<div class=\"mdc-notched-outline__trailing\"><\/div>\n\t\t\t\t\t<\/div>\n\t\t\t\t<\/div>\n\t\t\t<\/div>\n\t\t<\/div>\n\t\t\n\t\t<div class=\"cf7md-item cf7md-accept cf7md-is-wpcf7v5 mdc-layout-grid__cell mdc-layout-grid__cell--span-12-desktop mdc-layout-grid__cell--span-8-tablet mdc-layout-grid__cell--span-4-phone\">\n\t\t\t\t\t\t<br \/>\n<span class=\"wpcf7-form-control-wrap\" data-name=\"acceptance-878\"><span class=\"wpcf7-form-control wpcf7-acceptance\"><span class=\"wpcf7-list-item\"><input type=\"checkbox\" name=\"acceptance-878\" value=\"1\" aria-invalid=\"false\" \/><\/span><\/span><\/span><br \/>\n\t\t\t<label class=\"cf7md-accept-label\">He le\u00eddo y acepto la <a href='https:\/\/marq-sostenible.com\/politica-de-privacitat\/' target='_blank'>Pol\u00edtica de Privacidad<\/a>.<\/label>\n\t\t\t<div style=\"display: none;\" class=\"cf7md-checkbox-html\">\n\t\t\t\t<div class=\"mdc-checkbox__background\">\n\t\t\t\t\t<svg class=\"mdc-checkbox__checkmark\" viewBox=\"0 0 24 24\">\n\t\t\t\t\t\t<path class=\"mdc-checkbox__checkmark-path\" fill=\"none\" d=\"M1.73,12.91 8.1,19.28 22.79,4.59\"\/>\n\t\t\t\t\t<\/svg>\n\t\t\t\t\t<div class=\"mdc-checkbox__mixedmark\"><\/div>\n\t\t\t\t<\/div>\n\t\t\t<\/div>\n\t\t\t\t\t<\/div>\n\t\t\n\t\t<div class=\"cf7md-item cf7md-submit mdc-layout-grid__cell mdc-layout-grid__cell--span-12-desktop mdc-layout-grid__cell--span-8-tablet mdc-layout-grid__cell--span-4-phone\" data-button-style=\"raised\">\n\t\t\t<br \/>\n<input class=\"wpcf7-form-control wpcf7-submit has-spinner\" type=\"submit\" value=\"Enviar\" \/><br \/>\n\t\t\t<svg class=\"cf7md-spinner\" width=\"25px\" height=\"25px\" viewBox=\"0 0 66 66\" xmlns=\"http:\/\/www.w3.org\/2000\/svg\">\n\t\t\t\t<circle class=\"cf7md-spinner-path\" fill=\"none\" stroke-width=\"6\" stroke-linecap=\"round\" cx=\"33\" cy=\"33\" r=\"30\"><\/circle>\n\t\t\t<\/svg>\n\t\t<\/div>\n\t\t\n\t\t\t\t\t\t\t\t\t<\/div>\n\t\t\t<\/div>\n\t\t<\/div>\n\t\t\n<\/p><div class=\"wpcf7-response-output\" aria-hidden=\"true\"><\/div>\n<\/form>\n<\/div>\n<\/div>\n<\/div><\/div>\n\n<\/div><\/div>","protected":false},"excerpt":{"rendered":"<p>Interiorismo Los espacios donde vivimos, trabajamos o disfrutamos deben ser cada vez m\u00e1s flexibles, adaptables a m\u00faltiples realidades y personas. En el interiorismo buscamos materiales, colores, texturas e iluminaci\u00f3n que nos ayuden a hacer de nuestro d\u00eda a d\u00eda algo m\u00e1s agradable, f\u00e1cil y sano. Nuestros proyectos de interiorismo \u00bfEst\u00e1s interesado en nuestro trabajo? Cont\u00e1ctanos<\/p>\n","protected":false},"author":1,"featured_media":0,"parent":0,"menu_order":0,"comment_status":"closed","ping_status":"closed","template":"templates\/template-builder.php","meta":{"inline_featured_image":false,"footnotes":""},"class_list":["post-903","page","type-page","status-publish","hentry","post","without-featured-image"],"_links":{"self":[{"href":"https:\/\/marq-sostenible.com\/es\/wp-json\/wp\/v2\/pages\/903","targetHints":{"allow":["GET"]}}],"collection":[{"href":"https:\/\/marq-sostenible.com\/es\/wp-json\/wp\/v2\/pages"}],"about":[{"href":"https:\/\/marq-sostenible.com\/es\/wp-json\/wp\/v2\/types\/page"}],"author":[{"embeddable":true,"href":"https:\/\/marq-sostenible.com\/es\/wp-json\/wp\/v2\/users\/1"}],"replies":[{"embeddable":true,"href":"https:\/\/marq-sostenible.com\/es\/wp-json\/wp\/v2\/comments?post=903"}],"version-history":[{"count":3,"href":"https:\/\/marq-sostenible.com\/es\/wp-json\/wp\/v2\/pages\/903\/revisions"}],"predecessor-version":[{"id":944,"href":"https:\/\/marq-sostenible.com\/es\/wp-json\/wp\/v2\/pages\/903\/revisions\/944"}],"wp:attachment":[{"href":"https:\/\/marq-sostenible.com\/es\/wp-json\/wp\/v2\/media?parent=903"}],"curies":[{"name":"wp","href":"https:\/\/api.w.org\/{rel}","templated":true}]}}